{"id":37,"date":"2021-03-28T12:55:35","date_gmt":"2021-03-28T12:55:35","guid":{"rendered":"http:\/\/www.quiropracticamarina.com\/?page_id=37"},"modified":"2021-03-28T13:01:26","modified_gmt":"2021-03-28T13:01:26","slug":"para-quien-esta-dirigida","status":"publish","type":"page","link":"https:\/\/www.quiropracticamarina.com\/index.php\/para-quien-esta-dirigida\/","title":{"rendered":"\u00bfPara qui\u00e9n est\u00e1 dirigida?"},"content":{"rendered":"\n<p>Chequear nuestra columna es fundamental para todos, al igual que lavarnos los dientes. Mantener nuestra columna en buen estado es imprescindible para la prevenci\u00f3n y mantenimiento de nuestra salud.<\/p>\n\n\n\n<p>Hemos aprendido a cuidarnos la dentadura lav\u00e1ndonos los dientes varias veces al d\u00eda, siguiendo consejos de higiene dental y visitando nuestro dentista peri\u00f3dicamente. En cambio, no nos preocupamos de igual manera en cuidar nuestra columna vertebral.<\/p>\n\n\n\n<p>Millones de personas se ajustan en el mundo diariamente con Quiropr\u00e1cticos, la raz\u00f3n es mantener la columna vertebral y el sistema nervioso libre de subluxaciones.<\/p>\n\n\n\n<p>Desde el nacimiento se producen subluxaciones que no permiten que nuestro sistema nervioso rinda al 100% es por ello que la Quiropr\u00e1ctica est\u00e1 indicada para todo el mundo que quiera cuidar su columna vertebral.&nbsp;<\/p>\n\n\n\n<p>Educamos a las personas sobre los beneficios de la quiropr\u00e1ctica y les ofrecemos las herramientas para conseguir una salud \u00f3ptima.<\/p>\n\n\n\n<p>Nuestra mejor publicidad es la recomendaci\u00f3n que nuestros clientes a sus familiares y amigos para que todos consigan los mismos beneficios.<\/p>\n\n\n\n<p>La quiropr\u00e1ctica puede aplicarse a pacientes de todas las edades, desde ni\u00f1os o beb\u00e9s hasta cuidados de la tercera edad.<\/p>\n","protected":false},"excerpt":{"rendered":"<p>Chequear nuestra columna es fundamental para todos, al igual que lavarnos los dientes. Mantener nuestra columna en buen estado es imprescindible para la prevenci\u00f3n y mantenimiento de nuestra salud. Hemos aprendido a cuidarnos la dentadura lav\u00e1ndonos los dientes varias veces al d\u00eda, siguiendo consejos de higiene dental y visitando nuestro dentista peri\u00f3dicamente. En cambio, no &hellip; <\/p>\n<p class=\"link-more\"><a href=\"https:\/\/www.quiropracticamarina.com\/index.php\/para-quien-esta-dirigida\/\" class=\"more-link\">Continuar leyendo<span class=\"screen-reader-text\"> \u00ab\u00bfPara qui\u00e9n est\u00e1 dirigida?\u00bb<\/span><\/a><\/p>\n","protected":false},"author":1,"featured_media":0,"parent":0,"menu_order":0,"comment_status":"closed","ping_status":"closed","template":"","meta":{"_monsterinsights_skip_tracking":false,"_monsterinsights_sitenote_active":false,"_monsterinsights_sitenote_note":"","_monsterinsights_sitenote_category":0,"footnotes":""},"class_list":["post-37","page","type-page","status-publish","hentry"],"yoast_head":"<!-- This site is optimized with the Yoast SEO plugin v26.8 - https:\/\/yoast.com\/product\/yoast-seo-wordpress\/ -->\n<title>\u00bfPara qui\u00e9n est\u00e1 dirigida? - Quiropr&aacute;ctica<\/title>\n<meta name=\"robots\" content=\"index, follow, max-snippet:-1, max-image-preview:large, max-video-preview:-1\" \/>\n<link rel=\"canonical\" href=\"http:\/\/www.quiropracticamarina.com\/index.php\/para-quien-esta-dirigida\/\" \/>\n<meta property=\"og:locale\" content=\"es_ES\" \/>\n<meta property=\"og:type\" content=\"article\" \/>\n<meta property=\"og:title\" content=\"\u00bfPara qui\u00e9n est\u00e1 dirigida? - Quiropr&aacute;ctica\" \/>\n<meta property=\"og:description\" content=\"Chequear nuestra columna es fundamental para todos, al igual que lavarnos los dientes. Mantener nuestra columna en buen estado es imprescindible para la prevenci\u00f3n y mantenimiento de nuestra salud. Hemos aprendido a cuidarnos la dentadura lav\u00e1ndonos los dientes varias veces al d\u00eda, siguiendo consejos de higiene dental y visitando nuestro dentista peri\u00f3dicamente. En cambio, no &hellip; Continuar leyendo &quot;\u00bfPara qui\u00e9n est\u00e1 dirigida?&quot;\" \/>\n<meta property=\"og:url\" content=\"http:\/\/www.quiropracticamarina.com\/index.php\/para-quien-esta-dirigida\/\" \/>\n<meta property=\"og:site_name\" content=\"Quiropr&aacute;ctica\" \/>\n<meta property=\"article:modified_time\" content=\"2021-03-28T13:01:26+00:00\" \/>\n<meta name=\"twitter:card\" content=\"summary_large_image\" \/>\n<meta name=\"twitter:label1\" content=\"Tiempo de lectura\" \/>\n\t<meta name=\"twitter:data1\" content=\"1 minuto\" \/>\n<script type=\"application\/ld+json\" class=\"yoast-schema-graph\">{\"@context\":\"https:\/\/schema.org\",\"@graph\":[{\"@type\":\"WebPage\",\"@id\":\"http:\/\/www.quiropracticamarina.com\/index.php\/para-quien-esta-dirigida\/\",\"url\":\"http:\/\/www.quiropracticamarina.com\/index.php\/para-quien-esta-dirigida\/\",\"name\":\"\u00bfPara qui\u00e9n est\u00e1 dirigida? - Quiropr&aacute;ctica\",\"isPartOf\":{\"@id\":\"http:\/\/www.quiropracticamarina.com\/#website\"},\"datePublished\":\"2021-03-28T12:55:35+00:00\",\"dateModified\":\"2021-03-28T13:01:26+00:00\",\"breadcrumb\":{\"@id\":\"http:\/\/www.quiropracticamarina.com\/index.php\/para-quien-esta-dirigida\/#breadcrumb\"},\"inLanguage\":\"es\",\"potentialAction\":[{\"@type\":\"ReadAction\",\"target\":[\"http:\/\/www.quiropracticamarina.com\/index.php\/para-quien-esta-dirigida\/\"]}]},{\"@type\":\"BreadcrumbList\",\"@id\":\"http:\/\/www.quiropracticamarina.com\/index.php\/para-quien-esta-dirigida\/#breadcrumb\",\"itemListElement\":[{\"@type\":\"ListItem\",\"position\":1,\"name\":\"Portada\",\"item\":\"http:\/\/www.quiropracticamarina.com\/\"},{\"@type\":\"ListItem\",\"position\":2,\"name\":\"\u00bfPara qui\u00e9n est\u00e1 dirigida?\"}]},{\"@type\":\"WebSite\",\"@id\":\"http:\/\/www.quiropracticamarina.com\/#website\",\"url\":\"http:\/\/www.quiropracticamarina.com\/\",\"name\":\"Quiropr&aacute;ctica\",\"description\":\"Marina Blanco Granja\",\"publisher\":{\"@id\":\"http:\/\/www.quiropracticamarina.com\/#organization\"},\"potentialAction\":[{\"@type\":\"SearchAction\",\"target\":{\"@type\":\"EntryPoint\",\"urlTemplate\":\"http:\/\/www.quiropracticamarina.com\/?s={search_term_string}\"},\"query-input\":{\"@type\":\"PropertyValueSpecification\",\"valueRequired\":true,\"valueName\":\"search_term_string\"}}],\"inLanguage\":\"es\"},{\"@type\":\"Organization\",\"@id\":\"http:\/\/www.quiropracticamarina.com\/#organization\",\"name\":\"Centro Quiropr\u00e1ctico Marina Blanco Granja\",\"url\":\"http:\/\/www.quiropracticamarina.com\/\",\"logo\":{\"@type\":\"ImageObject\",\"inLanguage\":\"es\",\"@id\":\"http:\/\/www.quiropracticamarina.com\/#\/schema\/logo\/image\/\",\"url\":\"http:\/\/www.quiropracticamarina.com\/wp-content\/uploads\/2021\/03\/cropped-toa-heftiba-a9pFSC8dTlo-unsplash-scaled-1-scaled.jpeg\",\"contentUrl\":\"http:\/\/www.quiropracticamarina.com\/wp-content\/uploads\/2021\/03\/cropped-toa-heftiba-a9pFSC8dTlo-unsplash-scaled-1-scaled.jpeg\",\"width\":1706,\"height\":2560,\"caption\":\"Centro Quiropr\u00e1ctico Marina Blanco Granja\"},\"image\":{\"@id\":\"http:\/\/www.quiropracticamarina.com\/#\/schema\/logo\/image\/\"}}]}<\/script>\n<!-- \/ Yoast SEO plugin. -->","yoast_head_json":{"title":"\u00bfPara qui\u00e9n est\u00e1 dirigida? - Quiropr&aacute;ctica","robots":{"index":"index","follow":"follow","max-snippet":"max-snippet:-1","max-image-preview":"max-image-preview:large","max-video-preview":"max-video-preview:-1"},"canonical":"http:\/\/www.quiropracticamarina.com\/index.php\/para-quien-esta-dirigida\/","og_locale":"es_ES","og_type":"article","og_title":"\u00bfPara qui\u00e9n est\u00e1 dirigida? - Quiropr&aacute;ctica","og_description":"Chequear nuestra columna es fundamental para todos, al igual que lavarnos los dientes. Mantener nuestra columna en buen estado es imprescindible para la prevenci\u00f3n y mantenimiento de nuestra salud. Hemos aprendido a cuidarnos la dentadura lav\u00e1ndonos los dientes varias veces al d\u00eda, siguiendo consejos de higiene dental y visitando nuestro dentista peri\u00f3dicamente. En cambio, no &hellip; Continuar leyendo \"\u00bfPara qui\u00e9n est\u00e1 dirigida?\"","og_url":"http:\/\/www.quiropracticamarina.com\/index.php\/para-quien-esta-dirigida\/","og_site_name":"Quiropr&aacute;ctica","article_modified_time":"2021-03-28T13:01:26+00:00","twitter_card":"summary_large_image","twitter_misc":{"Tiempo de lectura":"1 minuto"},"schema":{"@context":"https:\/\/schema.org","@graph":[{"@type":"WebPage","@id":"http:\/\/www.quiropracticamarina.com\/index.php\/para-quien-esta-dirigida\/","url":"http:\/\/www.quiropracticamarina.com\/index.php\/para-quien-esta-dirigida\/","name":"\u00bfPara qui\u00e9n est\u00e1 dirigida? - Quiropr&aacute;ctica","isPartOf":{"@id":"http:\/\/www.quiropracticamarina.com\/#website"},"datePublished":"2021-03-28T12:55:35+00:00","dateModified":"2021-03-28T13:01:26+00:00","breadcrumb":{"@id":"http:\/\/www.quiropracticamarina.com\/index.php\/para-quien-esta-dirigida\/#breadcrumb"},"inLanguage":"es","potentialAction":[{"@type":"ReadAction","target":["http:\/\/www.quiropracticamarina.com\/index.php\/para-quien-esta-dirigida\/"]}]},{"@type":"BreadcrumbList","@id":"http:\/\/www.quiropracticamarina.com\/index.php\/para-quien-esta-dirigida\/#breadcrumb","itemListElement":[{"@type":"ListItem","position":1,"name":"Portada","item":"http:\/\/www.quiropracticamarina.com\/"},{"@type":"ListItem","position":2,"name":"\u00bfPara qui\u00e9n est\u00e1 dirigida?"}]},{"@type":"WebSite","@id":"http:\/\/www.quiropracticamarina.com\/#website","url":"http:\/\/www.quiropracticamarina.com\/","name":"Quiropr&aacute;ctica","description":"Marina Blanco Granja","publisher":{"@id":"http:\/\/www.quiropracticamarina.com\/#organization"},"potentialAction":[{"@type":"SearchAction","target":{"@type":"EntryPoint","urlTemplate":"http:\/\/www.quiropracticamarina.com\/?s={search_term_string}"},"query-input":{"@type":"PropertyValueSpecification","valueRequired":true,"valueName":"search_term_string"}}],"inLanguage":"es"},{"@type":"Organization","@id":"http:\/\/www.quiropracticamarina.com\/#organization","name":"Centro Quiropr\u00e1ctico Marina Blanco Granja","url":"http:\/\/www.quiropracticamarina.com\/","logo":{"@type":"ImageObject","inLanguage":"es","@id":"http:\/\/www.quiropracticamarina.com\/#\/schema\/logo\/image\/","url":"http:\/\/www.quiropracticamarina.com\/wp-content\/uploads\/2021\/03\/cropped-toa-heftiba-a9pFSC8dTlo-unsplash-scaled-1-scaled.jpeg","contentUrl":"http:\/\/www.quiropracticamarina.com\/wp-content\/uploads\/2021\/03\/cropped-toa-heftiba-a9pFSC8dTlo-unsplash-scaled-1-scaled.jpeg","width":1706,"height":2560,"caption":"Centro Quiropr\u00e1ctico Marina Blanco Granja"},"image":{"@id":"http:\/\/www.quiropracticamarina.com\/#\/schema\/logo\/image\/"}}]}},"_links":{"self":[{"href":"https:\/\/www.quiropracticamarina.com\/index.php\/wp-json\/wp\/v2\/pages\/37","targetHints":{"allow":["GET"]}}],"collection":[{"href":"https:\/\/www.quiropracticamarina.com\/index.php\/wp-json\/wp\/v2\/pages"}],"about":[{"href":"https:\/\/www.quiropracticamarina.com\/index.php\/wp-json\/wp\/v2\/types\/page"}],"author":[{"embeddable":true,"href":"https:\/\/www.quiropracticamarina.com\/index.php\/wp-json\/wp\/v2\/users\/1"}],"replies":[{"embeddable":true,"href":"https:\/\/www.quiropracticamarina.com\/index.php\/wp-json\/wp\/v2\/comments?post=37"}],"version-history":[{"count":2,"href":"https:\/\/www.quiropracticamarina.com\/index.php\/wp-json\/wp\/v2\/pages\/37\/revisions"}],"predecessor-version":[{"id":48,"href":"https:\/\/www.quiropracticamarina.com\/index.php\/wp-json\/wp\/v2\/pages\/37\/revisions\/48"}],"wp:attachment":[{"href":"https:\/\/www.quiropracticamarina.com\/index.php\/wp-json\/wp\/v2\/media?parent=37"}],"curies":[{"name":"wp","href":"https:\/\/api.w.org\/{rel}","templated":true}]}}